{"id":279,"date":"2023-08-02T17:00:29","date_gmt":"2023-08-02T17:00:29","guid":{"rendered":"https:\/\/www.grandhotelbonanno.com\/privacy-policy\/"},"modified":"2023-08-02T17:01:27","modified_gmt":"2023-08-02T17:01:27","slug":"privacy-policy","status":"publish","type":"page","link":"https:\/\/www.grandhotelbonanno.com\/en\/privacy-policy\/","title":{"rendered":"Privacy Policy"},"content":{"rendered":"<p><\/p>\r\n<p>Grand Hotel Bonanno Via F. Gabba,17 56122 Pisa (PI) &#8211; Tel. 050- 524030 &#8211; Fax. 050- 532072 &#8211; email: <a href=\"mailto:info@grandhotelbonanno.it\">info@grandhotelbonanno.it\u00a0<\/a><\/p>\r\n<p>INFORMATIVA AI CLIENTI IN MATERIA DI PROTEZIONE DEI DATI PERSONALI<\/p>\r\n<p>Ai sensi dell\u2019art. 13 del Regolamento (UE) 2016\/679 del Parlamento europeo e del Consiglio, del 27 aprile 2016, relativo alla protezione delle persone fisiche con riguardo al trattamento dei dati personali. In osservanza di quanto previsto ai sensi e per gli effetti dell art. 13 del Regolamento (UE) 2016\/679 e del Decreto Legislativo n.196\/2003, relativo alla protezione dati personali delle persone fisiche, il titolare informa su quali siano le finalit\u00e0 e modalit\u00e0 del trattamento dei dati personali raccolti, il loro ambito di comunicazione e diffusione, la durata di conservazione, la natura del loro conferimento ed i diritti dell\u2019interessato, come di seguito esplicitato.<\/p>\r\n<p><strong>1. Finalit\u00e0 <\/strong><\/p>\r\n<p>I dati raccolti, oggetto del trattamento (nome, cognome, indirizzo, codice fiscale, telefono, email) , sono trattati ed utilizzati direttamente per adempiere a finalit\u00e0 strumentali al compimento dell\u2019attivit\u00e0 di trattamento, quali raccolta, gestione, archiviazione, elaborazione, trasformazione, comunicazioni agli organi preposti quali Autorit\u00e0 di P.S. I suoi dati sono trattati:<\/p>\r\n<p>A) La prima finalit\u00e0 \u00e8 per l esecuzione del contratto e delle prestazioni collegate e per adempiere all obbligo legali cui il Titolare del trattamento \u00e8 soggetto (comunicazione dei dati dell\u2019alloggiato alla Autorit\u00e0 di Pubblica sicurezza, nel completo rispetto del principio di riservatezza, correttezza e sulla base delle disposizioni di legge senza il Suo consenso espresso.<\/p>\r\n<p>B) Inoltre, il titolare del trattamento pu\u00f2 utilizzare i dati personali che La riguardano, previo Suo necessario ed esplicito consenso, per le finalit\u00e0 funzionali alle attivit\u00e0 di messaggi pubblicitari riguardanti servizi e\/o prodotti relativi alla struttura e\/o comunicazioni relative a promozioni sui soggiorni o questionari di soddisfazione per misurare il grado di soddisfazione dei soggiorni e dei servizi da porre in essere, mediante contatto telefoni o per email o sms., whatsapp,ecc.<\/p>\r\n<p><strong>2. Modalit\u00e0 e dati raccolti <\/strong><\/p>\r\n<p>Il trattamento dei dati \u00e8 eseguito attraverso procedure informatiche o comunque mezzi telematici e\/o supporti cartacei ad opera di soggetti interni e\/o esterni appositamente incaricati. I dati sono conservati in archivi cartacei, informatici e telematici e sono assicurate le misure di sicurezza idonee a garantire la loro protezione come previsto dal legislatore. I dati raccolti sono solo di carattere anagrafico (quali nome cognome, codice fiscale, partiva iva, indirizzo, email, cellulare, ecc.) e nessun dato rientra nella classificazione dati sensibili di cui all\u2019art.9 del Regolamento UE2016\/679<\/p>\r\n<p><strong>3. Comunicazione e diffusione <\/strong><\/p>\r\n<p>Tutti i dati non saranno comunicati, venduti o scambiati con soggetti terzi, salvo eventuali comunicazioni a terzi per lo svolgimento di attivit\u00e0 funzionali alla struttura, quali Enti pubblici, quelle amministrative, contabili e fiscali e salvo qualora ci\u00f2 sia indispensabile al fine di esecuzione degli obblighi assunti dalle parti. In tal caso l\u2019utilizzo da parte dei terzi avverr\u00e0 nel completo rispetto del principio della correttezza e della liceit\u00e0. In nessun caso i dati saranno oggetto di diffusione.<\/p>\r\n<p><strong>4. Diritti dell\u2019interessato<\/strong><\/p>\r\n<p>L\u2019interessato potr\u00e0 far valere i propri diritti come espressi dagli artt. 15 fino al 22 del Regolamento (UE) 2016\/679, rivolgendosi al titolare del trattamento. In particolare l\u2019interessato ha il diritto di: ottenere dal titolare del trattamento la conferma che sia o meno in corso un trattamento di dati personali che lo riguardano e in tal caso, di ottenere l\u2019accesso ai suoi dati personali; Il diritto di rettifica, ossia la rettifica dei dati personali inesatti che lo riguardano; Il diritto all oblio, ossia la cancellazione dei dati personali che lo riguardano senza ingiustificato ritardo; Il diritto di limitazione di trattamento; Il diritto all obbligo di notifica in caso di rettifica o cancellazione dei dati personali o limitazione del trattamento; Il diritto alla portabilit\u00e0 dei dati, ossia il diritto di ricevere in un formato di uso comune e leggibile i dati personali che lo riguardano; Il diritto di opposizione, ossia diritto di opporsi al trattamento dei dati personali che lo riguardano in qualsiasi momento:<\/p>\r\n<p>Il diritto di presentare un reclamo all\u2019autorit\u00e0 di controllo (Garante Privacy); Grand Hotel Bonanno Via F. Gabba,17 56122 Pisa (PI) &#8211; Tel. 050- 524030 &#8211; Fax. 050- 532072 &#8211; email: <a href=\"mailto:info@grandhotelbonanno.it\">info@grandhotelbonanno.it<\/a> l\u2019interessato potr\u00e0 in qualsiasi momento esercitare i suoi diritti contattando il Titolare del Trattamento o il Responsabile del trattamento utilizzando i riferimenti sotto indicati.<\/p>\r\n<p><strong>5. Titolare del Trattamento<\/strong><\/p>\r\n<p>Il Titolare del trattamento \u00e8: Grand Hotel Bonanno Via F. Gabba,17 56122 Pisa (PI) &#8211; Tel. 050- 524030 &#8211; Fax. 050- 532072 &#8211; email: <a href=\"mailto:info@grandhotelbonanno.it\">info@grandhotelbonanno.it<\/a><\/p>\r\n<p><strong>6. Responsabili del Trattamento<\/strong><\/p>\r\n<p>Il Responsabile del trattamento dei dati, a seguito di formale autorizzazione\/nomina \u00e8: Sig., in qualit\u00e0 di Direttore Albergo per le attivit\u00e0 di gestione dei dati dei clienti che soggiornano nella struttura.<\/p>\r\n<p><strong>7. Termini di conservazione<\/strong><\/p>\r\n<p>I dati saranno conservati per il tempo necessario all\u2019espletamento delle finalit\u00e0 sopra elencate secondo quanto previsto dalla legge e comunque non superiore a cinque anni.<\/p>\r\n<p><strong>8. Natura del conferimento e conseguenze del rifiuto <\/strong><\/p>\r\n<p>Ai sensi dell art. 7 del Regolamento (UE) 2016\/679, il consenso al trattamento dei dati personali non \u00e8 necessario quando gli stessi sono raccolti per adempiere ad un obbligo di legge o per l\u2019esecuzione di obblighi derivanti da accordi contrattuali. Un rifiuto alla comunicazione dei dati comporter\u00e0 obbligatoriamente la cessazione di ogni qualsivoglia rapporto non consentendo il trattamento dei dati stessi. Conseguentemente affidandoci l incarico ci autorizza al trattamento ed elaborazione dei dati ai fini elaborazione delle buste paga e gestione amministrativa del personale.<\/p>\r\n<p><\/p>","protected":false},"excerpt":{"rendered":"<p>Grand Hotel Bonanno Via F. Gabba,17 56122 Pisa (PI) &#8211; Tel. 050- 524030 &#8211; Fax. [&hellip;]<\/p>\n","protected":false},"author":479,"featured_media":0,"parent":0,"menu_order":500,"comment_status":"closed","ping_status":"closed","template":"","meta":{"footnotes":""},"class_list":["post-279","page","type-page","status-publish","hentry"],"yoast_head":"<!-- This site is optimized with the Yoast SEO plugin v26.9 - https:\/\/yoast.com\/product\/yoast-seo-wordpress\/ -->\n<title>Privacy Policy - Grand Hotel Bonanno<\/title>\n<meta name=\"robots\" content=\"index, follow, max-snippet:-1, max-image-preview:large, max-video-preview:-1\" \/>\n<link rel=\"canonical\" href=\"https:\/\/www.grandhotelbonanno.com\/en\/privacy-policy\/\" \/>\n<meta property=\"og:locale\" content=\"en_US\" \/>\n<meta property=\"og:type\" content=\"article\" \/>\n<meta property=\"og:title\" content=\"Privacy Policy - Grand Hotel Bonanno\" \/>\n<meta property=\"og:description\" content=\"Grand Hotel Bonanno Via F. Gabba,17 56122 Pisa (PI) &#8211; Tel. 050- 524030 &#8211; Fax. [&hellip;]\" \/>\n<meta property=\"og:url\" content=\"https:\/\/www.grandhotelbonanno.com\/en\/privacy-policy\/\" \/>\n<meta property=\"og:site_name\" content=\"Grand Hotel Bonanno\" \/>\n<meta property=\"article:modified_time\" content=\"2023-08-02T17:01:27+00:00\" \/>\n<meta name=\"twitter:card\" content=\"summary_large_image\" \/>\n<meta name=\"twitter:label1\" content=\"Est. reading time\" \/>\n\t<meta name=\"twitter:data1\" content=\"4 minutes\" \/>\n<script type=\"application\/ld+json\" class=\"yoast-schema-graph\">{\"@context\":\"https:\/\/schema.org\",\"@graph\":[{\"@type\":\"WebPage\",\"@id\":\"https:\/\/www.grandhotelbonanno.com\/en\/privacy-policy\/\",\"url\":\"https:\/\/www.grandhotelbonanno.com\/en\/privacy-policy\/\",\"name\":\"Privacy Policy - Grand Hotel Bonanno\",\"isPartOf\":{\"@id\":\"https:\/\/www.grandhotelbonanno.com\/en\/#website\"},\"datePublished\":\"2023-08-02T17:00:29+00:00\",\"dateModified\":\"2023-08-02T17:01:27+00:00\",\"breadcrumb\":{\"@id\":\"https:\/\/www.grandhotelbonanno.com\/en\/privacy-policy\/#breadcrumb\"},\"inLanguage\":\"en-US\",\"potentialAction\":[{\"@type\":\"ReadAction\",\"target\":[\"https:\/\/www.grandhotelbonanno.com\/en\/privacy-policy\/\"]}]},{\"@type\":\"BreadcrumbList\",\"@id\":\"https:\/\/www.grandhotelbonanno.com\/en\/privacy-policy\/#breadcrumb\",\"itemListElement\":[{\"@type\":\"ListItem\",\"position\":1,\"name\":\"Home\",\"item\":\"https:\/\/www.grandhotelbonanno.com\/en\/\"},{\"@type\":\"ListItem\",\"position\":2,\"name\":\"Privacy Policy\"}]},{\"@type\":\"WebSite\",\"@id\":\"https:\/\/www.grandhotelbonanno.com\/en\/#website\",\"url\":\"https:\/\/www.grandhotelbonanno.com\/en\/\",\"name\":\"Grand Hotel Bonanno\",\"description\":\"Just another ms.decms.eu site\",\"potentialAction\":[{\"@type\":\"SearchAction\",\"target\":{\"@type\":\"EntryPoint\",\"urlTemplate\":\"https:\/\/www.grandhotelbonanno.com\/en\/?s={search_term_string}\"},\"query-input\":{\"@type\":\"PropertyValueSpecification\",\"valueRequired\":true,\"valueName\":\"search_term_string\"}}],\"inLanguage\":\"en-US\"}]}<\/script>\n<!-- \/ Yoast SEO plugin. -->","yoast_head_json":{"title":"Privacy Policy - Grand Hotel Bonanno","robots":{"index":"index","follow":"follow","max-snippet":"max-snippet:-1","max-image-preview":"max-image-preview:large","max-video-preview":"max-video-preview:-1"},"canonical":"https:\/\/www.grandhotelbonanno.com\/en\/privacy-policy\/","og_locale":"en_US","og_type":"article","og_title":"Privacy Policy - Grand Hotel Bonanno","og_description":"Grand Hotel Bonanno Via F. Gabba,17 56122 Pisa (PI) &#8211; Tel. 050- 524030 &#8211; Fax. [&hellip;]","og_url":"https:\/\/www.grandhotelbonanno.com\/en\/privacy-policy\/","og_site_name":"Grand Hotel Bonanno","article_modified_time":"2023-08-02T17:01:27+00:00","twitter_card":"summary_large_image","twitter_misc":{"Est. reading time":"4 minutes"},"schema":{"@context":"https:\/\/schema.org","@graph":[{"@type":"WebPage","@id":"https:\/\/www.grandhotelbonanno.com\/en\/privacy-policy\/","url":"https:\/\/www.grandhotelbonanno.com\/en\/privacy-policy\/","name":"Privacy Policy - Grand Hotel Bonanno","isPartOf":{"@id":"https:\/\/www.grandhotelbonanno.com\/en\/#website"},"datePublished":"2023-08-02T17:00:29+00:00","dateModified":"2023-08-02T17:01:27+00:00","breadcrumb":{"@id":"https:\/\/www.grandhotelbonanno.com\/en\/privacy-policy\/#breadcrumb"},"inLanguage":"en-US","potentialAction":[{"@type":"ReadAction","target":["https:\/\/www.grandhotelbonanno.com\/en\/privacy-policy\/"]}]},{"@type":"BreadcrumbList","@id":"https:\/\/www.grandhotelbonanno.com\/en\/privacy-policy\/#breadcrumb","itemListElement":[{"@type":"ListItem","position":1,"name":"Home","item":"https:\/\/www.grandhotelbonanno.com\/en\/"},{"@type":"ListItem","position":2,"name":"Privacy Policy"}]},{"@type":"WebSite","@id":"https:\/\/www.grandhotelbonanno.com\/en\/#website","url":"https:\/\/www.grandhotelbonanno.com\/en\/","name":"Grand Hotel Bonanno","description":"Just another ms.decms.eu site","potentialAction":[{"@type":"SearchAction","target":{"@type":"EntryPoint","urlTemplate":"https:\/\/www.grandhotelbonanno.com\/en\/?s={search_term_string}"},"query-input":{"@type":"PropertyValueSpecification","valueRequired":true,"valueName":"search_term_string"}}],"inLanguage":"en-US"}]}},"acf":[],"_links":{"self":[{"href":"https:\/\/www.grandhotelbonanno.com\/en\/wp-json\/wp\/v2\/pages\/279","targetHints":{"allow":["GET"]}}],"collection":[{"href":"https:\/\/www.grandhotelbonanno.com\/en\/wp-json\/wp\/v2\/pages"}],"about":[{"href":"https:\/\/www.grandhotelbonanno.com\/en\/wp-json\/wp\/v2\/types\/page"}],"author":[{"embeddable":true,"href":"https:\/\/www.grandhotelbonanno.com\/en\/wp-json\/wp\/v2\/users\/479"}],"replies":[{"embeddable":true,"href":"https:\/\/www.grandhotelbonanno.com\/en\/wp-json\/wp\/v2\/comments?post=279"}],"version-history":[{"count":0,"href":"https:\/\/www.grandhotelbonanno.com\/en\/wp-json\/wp\/v2\/pages\/279\/revisions"}],"wp:attachment":[{"href":"https:\/\/www.grandhotelbonanno.com\/en\/wp-json\/wp\/v2\/media?parent=279"}],"curies":[{"name":"wp","href":"https:\/\/api.w.org\/{rel}","templated":true}]}}